{"id":171,"date":"2024-01-30T18:07:07","date_gmt":"2024-01-30T17:07:07","guid":{"rendered":"https:\/\/npcfotografia.site\/?page_id=171"},"modified":"2024-03-04T15:41:07","modified_gmt":"2024-03-04T14:41:07","slug":"acerca-de-mi","status":"publish","type":"page","link":"https:\/\/npcfotografia.site\/?page_id=171","title":{"rendered":"Acerca de mi"},"content":{"rendered":"\n<div class=\"wp-block-columns is-layout-flex wp-container-core-columns-layout-1 wp-block-columns-is-layout-flex\">\n<div class=\"wp-block-column is-layout-flow wp-block-column-is-layout-flow\">\n<p>Mi nombre es NASTASIE POPESCU CLAUDIU<br>Nac\u00ed en Drobeta Turnu Severin, una hermosa ciudad de Rumania, que se encuentra en la orilla derecha del Danubio, aguas abajo de Puertas de Hierro.<br><br>Me gusta la fotograf\u00eda, visitar lugares donde puedas capturar im\u00e1genes \u00fanicas, momentos especiales y la belleza de las personas.<br><br>La naturaleza y los paisajes son los que mas aprecio, disfruto capturar emociones y contar historias a trav\u00e9s de mis fotograf\u00edas.<br><br>Tener enfoques creativos y experimentar con diferentes t\u00e9cnicas y estilos para crear im\u00e1genes \u00fanicas.<\/p>\n<\/div>\n\n\n\n<div class=\"wp-block-column is-layout-flow wp-block-column-is-layout-flow\">\n<figure class=\"wp-block-image size-large\"><img loading=\"lazy\" decoding=\"async\" width=\"1600\" height=\"2560\" src=\"https:\/\/npcfotografia.site\/wp-content\/uploads\/2024\/03\/npc2a-edited-scaled.jpg\" alt=\"\" class=\"wp-image-269\" srcset=\"https:\/\/npcfotografia.site\/wp-content\/uploads\/2024\/03\/npc2a-edited-scaled.jpg 1600w, https:\/\/npcfotografia.site\/wp-content\/uploads\/2024\/03\/npc2a-edited-188x300.jpg 188w, https:\/\/npcfotografia.site\/wp-content\/uploads\/2024\/03\/npc2a-edited-640x1024.jpg 640w, https:\/\/npcfotografia.site\/wp-content\/uploads\/2024\/03\/npc2a-edited-768x1228.jpg 768w, https:\/\/npcfotografia.site\/wp-content\/uploads\/2024\/03\/npc2a-edited-960x1536.jpg 960w, https:\/\/npcfotografia.site\/wp-content\/uploads\/2024\/03\/npc2a-edited-1280x2048.jpg 1280w, https:\/\/npcfotografia.site\/wp-content\/uploads\/2024\/03\/npc2a-edited-413x660.jpg 413w\" sizes=\"(max-width: 1600px) 100vw, 1600px\" \/><\/figure>\n<\/div>\n<\/div>\n\n\n\n","protected":false},"excerpt":{"rendered":"<p>Mi nombre es NASTASIE POPESCU CLAUDIUNac\u00ed en Drobeta Turnu Severin, una hermosa ciudad de Rumania, que se encuentra en la &hellip; <a href=\"https:\/\/npcfotografia.site\/?page_id=171\" class=\"more-link\"><span class=\"more-button\">Continue Reading<span class=\"screen-reader-text\">Acerca de mi<\/span><\/span><\/a><\/p>\n","protected":false},"author":1,"featured_media":0,"parent":0,"menu_order":0,"comment_status":"closed","ping_status":"closed","template":"","meta":{"footnotes":""},"_links":{"self":[{"href":"https:\/\/npcfotografia.site\/index.php?rest_route=\/wp\/v2\/pages\/171"}],"collection":[{"href":"https:\/\/npcfotografia.site\/index.php?rest_route=\/wp\/v2\/pages"}],"about":[{"href":"https:\/\/npcfotografia.site\/index.php?rest_route=\/wp\/v2\/types\/page"}],"author":[{"embeddable":true,"href":"https:\/\/npcfotografia.site\/index.php?rest_route=\/wp\/v2\/users\/1"}],"replies":[{"embeddable":true,"href":"https:\/\/npcfotografia.site\/index.php?rest_route=%2Fwp%2Fv2%2Fcomments&post=171"}],"version-history":[{"count":3,"href":"https:\/\/npcfotografia.site\/index.php?rest_route=\/wp\/v2\/pages\/171\/revisions"}],"predecessor-version":[{"id":291,"href":"https:\/\/npcfotografia.site\/index.php?rest_route=\/wp\/v2\/pages\/171\/revisions\/291"}],"wp:attachment":[{"href":"https:\/\/npcfotografia.site\/index.php?rest_route=%2Fwp%2Fv2%2Fmedia&parent=171"}],"curies":[{"name":"wp","href":"https:\/\/api.w.org\/{rel}","templated":true}]}}